{"id":7947,"date":"2026-03-03T13:16:43","date_gmt":"2026-03-03T13:16:43","guid":{"rendered":"https:\/\/yourberlinagent.com\/?page_id=7947"},"modified":"2026-03-09T18:56:35","modified_gmt":"2026-03-09T18:56:35","slug":"luxurioese-2-zimmer-stadtwohnung-nahe-gendarmenmarkt","status":"publish","type":"page","link":"https:\/\/yourberlinagent.com\/de\/luxurioese-2-zimmer-stadtwohnung-nahe-gendarmenmarkt","title":{"rendered":"2-Zimmer Stadtwohnung"},"content":{"rendered":"","protected":false},"excerpt":{"rendered":"","protected":false},"author":2,"featured_media":0,"parent":0,"menu_order":0,"comment_status":"closed","ping_status":"closed","template":"","meta":{"footnotes":""},"class_list":["post-7947","page","type-page","status-publish","hentry"],"acf":[],"yoast_head":"<!-- This site is optimized with the Yoast SEO plugin v27.4 - https:\/\/yoast.com\/product\/yoast-seo-wordpress\/ -->\n<title>luxuri\u00f6se 2-Zimmer Stadtwohnung<\/title>\n<meta name=\"description\" content=\"luxuri\u00f6se 2-Zimmer Stadtwohnung nahe Gendarmenmarkt und Brandenburger Tor zum sofortigen Einzug und mit Einbauk\u00fcche\" \/>\n<meta name=\"robots\" content=\"index, follow, max-snippet:-1, max-image-preview:large, max-video-preview:-1\" \/>\n<link rel=\"canonical\" href=\"https:\/\/yourberlinagent.com\/de\/luxurioese-2-zimmer-stadtwohnung-nahe-gendarmenmarkt\" \/>\n<meta property=\"og:locale\" content=\"de_DE\" \/>\n<meta property=\"og:type\" content=\"article\" \/>\n<meta property=\"og:title\" content=\"luxuri\u00f6se 2-Zimmer Stadtwohnung nahe Gendarmenmarkt und Brandenburger Tor\" \/>\n<meta property=\"og:description\" content=\"luxuri\u00f6se 2-Zimmer Stadtwohnung nahe Gendarmenmarkt und Brandenburger Tor\" \/>\n<meta property=\"og:url\" content=\"https:\/\/yourberlinagent.com\/de\/luxurioese-2-zimmer-stadtwohnung-nahe-gendarmenmarkt\" \/>\n<meta property=\"og:site_name\" content=\"Rabitz Property Consulting\" \/>\n<meta property=\"article:modified_time\" content=\"2026-03-09T18:56:35+00:00\" \/>\n<meta property=\"og:image\" content=\"https:\/\/yourberlinagent.com\/wp-content\/uploads\/2026\/03\/Living-staged.jpg\" \/>\n\t<meta property=\"og:image:width\" content=\"2480\" \/>\n\t<meta property=\"og:image:height\" content=\"1653\" \/>\n\t<meta property=\"og:image:type\" content=\"image\/jpeg\" \/>\n<meta name=\"twitter:card\" content=\"summary_large_image\" \/>\n<meta name=\"twitter:title\" content=\"luxuri\u00f6se 2-Zimmer Stadtwohnung nahe Gendarmenmarkt und Brandenburger Tor\" \/>\n<meta name=\"twitter:description\" content=\"luxuri\u00f6se 2-Zimmer Stadtwohnung nahe Gendarmenmarkt und Brandenburger Tor\" \/>\n<meta name=\"twitter:image\" content=\"https:\/\/yourberlinagent.com\/wp-content\/uploads\/2026\/03\/Living-staged.jpg\" \/>\n<script type=\"application\/ld+json\" class=\"yoast-schema-graph\">{\"@context\":\"https:\\\/\\\/schema.org\",\"@graph\":[{\"@type\":\"WebPage\",\"@id\":\"https:\\\/\\\/yourberlinagent.com\\\/de\\\/luxurioese-2-zimmer-stadtwohnung-nahe-gendarmenmarkt\",\"url\":\"https:\\\/\\\/yourberlinagent.com\\\/de\\\/luxurioese-2-zimmer-stadtwohnung-nahe-gendarmenmarkt\",\"name\":\"luxuri\u00f6se 2-Zimmer Stadtwohnung\",\"isPartOf\":{\"@id\":\"https:\\\/\\\/yourberlinagent.com\\\/de#website\"},\"datePublished\":\"2026-03-03T13:16:43+00:00\",\"dateModified\":\"2026-03-09T18:56:35+00:00\",\"description\":\"luxuri\u00f6se 2-Zimmer Stadtwohnung nahe Gendarmenmarkt und Brandenburger Tor zum sofortigen Einzug und mit Einbauk\u00fcche\",\"breadcrumb\":{\"@id\":\"https:\\\/\\\/yourberlinagent.com\\\/de\\\/luxurioese-2-zimmer-stadtwohnung-nahe-gendarmenmarkt#breadcrumb\"},\"inLanguage\":\"de\",\"potentialAction\":[{\"@type\":\"ReadAction\",\"target\":[\"https:\\\/\\\/yourberlinagent.com\\\/de\\\/luxurioese-2-zimmer-stadtwohnung-nahe-gendarmenmarkt\"]}]},{\"@type\":\"BreadcrumbList\",\"@id\":\"https:\\\/\\\/yourberlinagent.com\\\/de\\\/luxurioese-2-zimmer-stadtwohnung-nahe-gendarmenmarkt#breadcrumb\",\"itemListElement\":[{\"@type\":\"ListItem\",\"position\":1,\"name\":\"Home\",\"item\":\"https:\\\/\\\/yourberlinagent.com\\\/de\\\/rabitz-property-consulting-berlin-luxury-real-estate-agent\"},{\"@type\":\"ListItem\",\"position\":2,\"name\":\"2-Zimmer Stadtwohnung\"}]},{\"@type\":\"WebSite\",\"@id\":\"https:\\\/\\\/yourberlinagent.com\\\/de#website\",\"url\":\"https:\\\/\\\/yourberlinagent.com\\\/de\",\"name\":\"Rabitz Property Consulting\",\"description\":\"Real Estate Agent\",\"potentialAction\":[{\"@type\":\"SearchAction\",\"target\":{\"@type\":\"EntryPoint\",\"urlTemplate\":\"https:\\\/\\\/yourberlinagent.com\\\/de?s={search_term_string}\"},\"query-input\":{\"@type\":\"PropertyValueSpecification\",\"valueRequired\":true,\"valueName\":\"search_term_string\"}}],\"inLanguage\":\"de\"}]}<\/script>\n<!-- \/ Yoast SEO plugin. -->","yoast_head_json":{"title":"luxuri\u00f6se 2-Zimmer Stadtwohnung","description":"luxuri\u00f6se 2-Zimmer Stadtwohnung nahe Gendarmenmarkt und Brandenburger Tor zum sofortigen Einzug und mit Einbauk\u00fcche","robots":{"index":"index","follow":"follow","max-snippet":"max-snippet:-1","max-image-preview":"max-image-preview:large","max-video-preview":"max-video-preview:-1"},"canonical":"https:\/\/yourberlinagent.com\/de\/luxurioese-2-zimmer-stadtwohnung-nahe-gendarmenmarkt","og_locale":"de_DE","og_type":"article","og_title":"luxuri\u00f6se 2-Zimmer Stadtwohnung nahe Gendarmenmarkt und Brandenburger Tor","og_description":"luxuri\u00f6se 2-Zimmer Stadtwohnung nahe Gendarmenmarkt und Brandenburger Tor","og_url":"https:\/\/yourberlinagent.com\/de\/luxurioese-2-zimmer-stadtwohnung-nahe-gendarmenmarkt","og_site_name":"Rabitz Property Consulting","article_modified_time":"2026-03-09T18:56:35+00:00","og_image":[{"width":2480,"height":1653,"url":"https:\/\/yourberlinagent.com\/wp-content\/uploads\/2026\/03\/Living-staged.jpg","type":"image\/jpeg"}],"twitter_card":"summary_large_image","twitter_title":"luxuri\u00f6se 2-Zimmer Stadtwohnung nahe Gendarmenmarkt und Brandenburger Tor","twitter_description":"luxuri\u00f6se 2-Zimmer Stadtwohnung nahe Gendarmenmarkt und Brandenburger Tor","twitter_image":"https:\/\/yourberlinagent.com\/wp-content\/uploads\/2026\/03\/Living-staged.jpg","schema":{"@context":"https:\/\/schema.org","@graph":[{"@type":"WebPage","@id":"https:\/\/yourberlinagent.com\/de\/luxurioese-2-zimmer-stadtwohnung-nahe-gendarmenmarkt","url":"https:\/\/yourberlinagent.com\/de\/luxurioese-2-zimmer-stadtwohnung-nahe-gendarmenmarkt","name":"luxuri\u00f6se 2-Zimmer Stadtwohnung","isPartOf":{"@id":"https:\/\/yourberlinagent.com\/de#website"},"datePublished":"2026-03-03T13:16:43+00:00","dateModified":"2026-03-09T18:56:35+00:00","description":"luxuri\u00f6se 2-Zimmer Stadtwohnung nahe Gendarmenmarkt und Brandenburger Tor zum sofortigen Einzug und mit Einbauk\u00fcche","breadcrumb":{"@id":"https:\/\/yourberlinagent.com\/de\/luxurioese-2-zimmer-stadtwohnung-nahe-gendarmenmarkt#breadcrumb"},"inLanguage":"de","potentialAction":[{"@type":"ReadAction","target":["https:\/\/yourberlinagent.com\/de\/luxurioese-2-zimmer-stadtwohnung-nahe-gendarmenmarkt"]}]},{"@type":"BreadcrumbList","@id":"https:\/\/yourberlinagent.com\/de\/luxurioese-2-zimmer-stadtwohnung-nahe-gendarmenmarkt#breadcrumb","itemListElement":[{"@type":"ListItem","position":1,"name":"Home","item":"https:\/\/yourberlinagent.com\/de\/rabitz-property-consulting-berlin-luxury-real-estate-agent"},{"@type":"ListItem","position":2,"name":"2-Zimmer Stadtwohnung"}]},{"@type":"WebSite","@id":"https:\/\/yourberlinagent.com\/de#website","url":"https:\/\/yourberlinagent.com\/de","name":"Rabitz Property Consulting","description":"Real Estate Agent","potentialAction":[{"@type":"SearchAction","target":{"@type":"EntryPoint","urlTemplate":"https:\/\/yourberlinagent.com\/de?s={search_term_string}"},"query-input":{"@type":"PropertyValueSpecification","valueRequired":true,"valueName":"search_term_string"}}],"inLanguage":"de"}]}},"_links":{"self":[{"href":"https:\/\/yourberlinagent.com\/de\/wp-json\/wp\/v2\/pages\/7947","targetHints":{"allow":["GET"]}}],"collection":[{"href":"https:\/\/yourberlinagent.com\/de\/wp-json\/wp\/v2\/pages"}],"about":[{"href":"https:\/\/yourberlinagent.com\/de\/wp-json\/wp\/v2\/types\/page"}],"author":[{"embeddable":true,"href":"https:\/\/yourberlinagent.com\/de\/wp-json\/wp\/v2\/users\/2"}],"replies":[{"embeddable":true,"href":"https:\/\/yourberlinagent.com\/de\/wp-json\/wp\/v2\/comments?post=7947"}],"version-history":[{"count":1,"href":"https:\/\/yourberlinagent.com\/de\/wp-json\/wp\/v2\/pages\/7947\/revisions"}],"predecessor-version":[{"id":7948,"href":"https:\/\/yourberlinagent.com\/de\/wp-json\/wp\/v2\/pages\/7947\/revisions\/7948"}],"wp:attachment":[{"href":"https:\/\/yourberlinagent.com\/de\/wp-json\/wp\/v2\/media?parent=7947"}],"curies":[{"name":"wp","href":"https:\/\/api.w.org\/{rel}","templated":true}]}}