{"id":6925,"date":"2025-06-09T14:11:26","date_gmt":"2025-06-09T14:11:26","guid":{"rendered":"https:\/\/yourberlinagent.com\/?page_id=6925"},"modified":"2026-03-16T14:32:21","modified_gmt":"2026-03-16T14:32:21","slug":"traditionelle-villa-fuer-familien-mit-pool","status":"publish","type":"page","link":"https:\/\/yourberlinagent.com\/de\/traditionelle-villa-fuer-familien-mit-pool","title":{"rendered":"Traditionelle Familien Villa Mit Pool"},"content":{"rendered":"","protected":false},"excerpt":{"rendered":"","protected":false},"author":2,"featured_media":0,"parent":0,"menu_order":0,"comment_status":"closed","ping_status":"closed","template":"","meta":{"footnotes":""},"class_list":["post-6925","page","type-page","status-publish","hentry"],"acf":[],"yoast_head":"<!-- This site is optimized with the Yoast SEO plugin v27.4 - https:\/\/yoast.com\/product\/yoast-seo-wordpress\/ -->\n<title>Traditionelle Villa f\u00fcr Familien mit Pool<\/title>\n<meta name=\"description\" content=\"Traditionelle Villa f\u00fcr Familien mit Pool in Lichterfelde. Wohntraum f\u00fcr Familien mit viel Platz und wundersch\u00f6nem Garten\" \/>\n<meta name=\"robots\" content=\"index, follow, max-snippet:-1, max-image-preview:large, max-video-preview:-1\" \/>\n<link rel=\"canonical\" href=\"https:\/\/yourberlinagent.com\/de\/traditionelle-villa-fuer-familien-mit-pool\" \/>\n<meta property=\"og:locale\" content=\"de_DE\" \/>\n<meta property=\"og:type\" content=\"article\" \/>\n<meta property=\"og:title\" content=\"Traditionally Villa in Lichterfelde with beautiful garden and covered terrace space. state of the art chefs kitchen\" \/>\n<meta property=\"og:description\" content=\"Traditionally Villa in Lichterfelde with beautiful garden and covered terrace space. state of the art chefs kitchen\" \/>\n<meta property=\"og:url\" content=\"https:\/\/yourberlinagent.com\/de\/traditionelle-villa-fuer-familien-mit-pool\" \/>\n<meta property=\"og:site_name\" content=\"Rabitz Property Consulting\" \/>\n<meta property=\"article:modified_time\" content=\"2026-03-16T14:32:21+00:00\" \/>\n<meta property=\"og:image\" content=\"https:\/\/yourberlinagent.com\/wp-content\/uploads\/2025\/06\/IMG_2490-Kopie.jpg\" \/>\n\t<meta property=\"og:image:width\" content=\"2480\" \/>\n\t<meta property=\"og:image:height\" content=\"1653\" \/>\n\t<meta property=\"og:image:type\" content=\"image\/jpeg\" \/>\n<meta name=\"twitter:card\" content=\"summary_large_image\" \/>\n<meta name=\"twitter:title\" content=\"Traditionally Villa in Lichterfelde with beautiful garden and covered terrace space. state of the art chefs kitchen\" \/>\n<meta name=\"twitter:description\" content=\"Traditionally Villa in Lichterfelde with beautiful garden and covered terrace space. state of the art chefs kitchen\" \/>\n<meta name=\"twitter:image\" content=\"https:\/\/yourberlinagent.com\/wp-content\/uploads\/2025\/06\/IMG_2490-Kopie.jpg\" \/>\n<script type=\"application\/ld+json\" class=\"yoast-schema-graph\">{\"@context\":\"https:\\\/\\\/schema.org\",\"@graph\":[{\"@type\":\"WebPage\",\"@id\":\"https:\\\/\\\/yourberlinagent.com\\\/de\\\/traditionelle-villa-fuer-familien-mit-pool\",\"url\":\"https:\\\/\\\/yourberlinagent.com\\\/de\\\/traditionelle-villa-fuer-familien-mit-pool\",\"name\":\"Traditionelle Villa f\u00fcr Familien mit Pool\",\"isPartOf\":{\"@id\":\"https:\\\/\\\/yourberlinagent.com\\\/de#website\"},\"datePublished\":\"2025-06-09T14:11:26+00:00\",\"dateModified\":\"2026-03-16T14:32:21+00:00\",\"description\":\"Traditionelle Villa f\u00fcr Familien mit Pool in Lichterfelde. Wohntraum f\u00fcr Familien mit viel Platz und wundersch\u00f6nem Garten\",\"breadcrumb\":{\"@id\":\"https:\\\/\\\/yourberlinagent.com\\\/de\\\/traditionelle-villa-fuer-familien-mit-pool#breadcrumb\"},\"inLanguage\":\"de\",\"potentialAction\":[{\"@type\":\"ReadAction\",\"target\":[\"https:\\\/\\\/yourberlinagent.com\\\/de\\\/traditionelle-villa-fuer-familien-mit-pool\"]}]},{\"@type\":\"BreadcrumbList\",\"@id\":\"https:\\\/\\\/yourberlinagent.com\\\/de\\\/traditionelle-villa-fuer-familien-mit-pool#breadcrumb\",\"itemListElement\":[{\"@type\":\"ListItem\",\"position\":1,\"name\":\"Home\",\"item\":\"https:\\\/\\\/yourberlinagent.com\\\/de\\\/rabitz-property-consulting-berlin-luxury-real-estate-agent\"},{\"@type\":\"ListItem\",\"position\":2,\"name\":\"Traditionelle Familien Villa Mit Pool\"}]},{\"@type\":\"WebSite\",\"@id\":\"https:\\\/\\\/yourberlinagent.com\\\/de#website\",\"url\":\"https:\\\/\\\/yourberlinagent.com\\\/de\",\"name\":\"Rabitz Property Consulting\",\"description\":\"Real Estate Agent\",\"potentialAction\":[{\"@type\":\"SearchAction\",\"target\":{\"@type\":\"EntryPoint\",\"urlTemplate\":\"https:\\\/\\\/yourberlinagent.com\\\/de?s={search_term_string}\"},\"query-input\":{\"@type\":\"PropertyValueSpecification\",\"valueRequired\":true,\"valueName\":\"search_term_string\"}}],\"inLanguage\":\"de\"}]}<\/script>\n<!-- \/ Yoast SEO plugin. -->","yoast_head_json":{"title":"Traditionelle Villa f\u00fcr Familien mit Pool","description":"Traditionelle Villa f\u00fcr Familien mit Pool in Lichterfelde. Wohntraum f\u00fcr Familien mit viel Platz und wundersch\u00f6nem Garten","robots":{"index":"index","follow":"follow","max-snippet":"max-snippet:-1","max-image-preview":"max-image-preview:large","max-video-preview":"max-video-preview:-1"},"canonical":"https:\/\/yourberlinagent.com\/de\/traditionelle-villa-fuer-familien-mit-pool","og_locale":"de_DE","og_type":"article","og_title":"Traditionally Villa in Lichterfelde with beautiful garden and covered terrace space. state of the art chefs kitchen","og_description":"Traditionally Villa in Lichterfelde with beautiful garden and covered terrace space. state of the art chefs kitchen","og_url":"https:\/\/yourberlinagent.com\/de\/traditionelle-villa-fuer-familien-mit-pool","og_site_name":"Rabitz Property Consulting","article_modified_time":"2026-03-16T14:32:21+00:00","og_image":[{"width":2480,"height":1653,"url":"https:\/\/yourberlinagent.com\/wp-content\/uploads\/2025\/06\/IMG_2490-Kopie.jpg","type":"image\/jpeg"}],"twitter_card":"summary_large_image","twitter_title":"Traditionally Villa in Lichterfelde with beautiful garden and covered terrace space. state of the art chefs kitchen","twitter_description":"Traditionally Villa in Lichterfelde with beautiful garden and covered terrace space. state of the art chefs kitchen","twitter_image":"https:\/\/yourberlinagent.com\/wp-content\/uploads\/2025\/06\/IMG_2490-Kopie.jpg","schema":{"@context":"https:\/\/schema.org","@graph":[{"@type":"WebPage","@id":"https:\/\/yourberlinagent.com\/de\/traditionelle-villa-fuer-familien-mit-pool","url":"https:\/\/yourberlinagent.com\/de\/traditionelle-villa-fuer-familien-mit-pool","name":"Traditionelle Villa f\u00fcr Familien mit Pool","isPartOf":{"@id":"https:\/\/yourberlinagent.com\/de#website"},"datePublished":"2025-06-09T14:11:26+00:00","dateModified":"2026-03-16T14:32:21+00:00","description":"Traditionelle Villa f\u00fcr Familien mit Pool in Lichterfelde. Wohntraum f\u00fcr Familien mit viel Platz und wundersch\u00f6nem Garten","breadcrumb":{"@id":"https:\/\/yourberlinagent.com\/de\/traditionelle-villa-fuer-familien-mit-pool#breadcrumb"},"inLanguage":"de","potentialAction":[{"@type":"ReadAction","target":["https:\/\/yourberlinagent.com\/de\/traditionelle-villa-fuer-familien-mit-pool"]}]},{"@type":"BreadcrumbList","@id":"https:\/\/yourberlinagent.com\/de\/traditionelle-villa-fuer-familien-mit-pool#breadcrumb","itemListElement":[{"@type":"ListItem","position":1,"name":"Home","item":"https:\/\/yourberlinagent.com\/de\/rabitz-property-consulting-berlin-luxury-real-estate-agent"},{"@type":"ListItem","position":2,"name":"Traditionelle Familien Villa Mit Pool"}]},{"@type":"WebSite","@id":"https:\/\/yourberlinagent.com\/de#website","url":"https:\/\/yourberlinagent.com\/de","name":"Rabitz Property Consulting","description":"Real Estate Agent","potentialAction":[{"@type":"SearchAction","target":{"@type":"EntryPoint","urlTemplate":"https:\/\/yourberlinagent.com\/de?s={search_term_string}"},"query-input":{"@type":"PropertyValueSpecification","valueRequired":true,"valueName":"search_term_string"}}],"inLanguage":"de"}]}},"_links":{"self":[{"href":"https:\/\/yourberlinagent.com\/de\/wp-json\/wp\/v2\/pages\/6925","targetHints":{"allow":["GET"]}}],"collection":[{"href":"https:\/\/yourberlinagent.com\/de\/wp-json\/wp\/v2\/pages"}],"about":[{"href":"https:\/\/yourberlinagent.com\/de\/wp-json\/wp\/v2\/types\/page"}],"author":[{"embeddable":true,"href":"https:\/\/yourberlinagent.com\/de\/wp-json\/wp\/v2\/users\/2"}],"replies":[{"embeddable":true,"href":"https:\/\/yourberlinagent.com\/de\/wp-json\/wp\/v2\/comments?post=6925"}],"version-history":[{"count":2,"href":"https:\/\/yourberlinagent.com\/de\/wp-json\/wp\/v2\/pages\/6925\/revisions"}],"predecessor-version":[{"id":8178,"href":"https:\/\/yourberlinagent.com\/de\/wp-json\/wp\/v2\/pages\/6925\/revisions\/8178"}],"wp:attachment":[{"href":"https:\/\/yourberlinagent.com\/de\/wp-json\/wp\/v2\/media?parent=6925"}],"curies":[{"name":"wp","href":"https:\/\/api.w.org\/{rel}","templated":true}]}}