{"id":4771,"date":"2023-10-20T14:46:46","date_gmt":"2023-10-20T14:46:46","guid":{"rendered":"https:\/\/yourberlinagent.com\/?page_id=4771"},"modified":"2024-01-18T11:50:53","modified_gmt":"2024-01-18T11:50:53","slug":"maisonette-dachgeschoss-mit-fernsehturm-blick","status":"publish","type":"page","link":"https:\/\/yourberlinagent.com\/de\/maisonette-dachgeschoss-mit-fernsehturm-blick","title":{"rendered":"Maisonette Dachgeschoss mit Fernsehturm Blick"},"content":{"rendered":"","protected":false},"excerpt":{"rendered":"","protected":false},"author":2,"featured_media":0,"parent":0,"menu_order":0,"comment_status":"closed","ping_status":"closed","template":"","meta":{"footnotes":""},"class_list":["post-4771","page","type-page","status-publish","hentry"],"acf":[],"yoast_head":"<!-- This site is optimized with the Yoast SEO plugin v27.4 - https:\/\/yoast.com\/product\/yoast-seo-wordpress\/ -->\n<title>Maisonette Dachgeschoss mit Fernsehturm Blick<\/title>\n<meta name=\"description\" content=\"Maisonette Dachgeschoss mit Fernsehturm Blick und Panoramablick auf die Stadt. Moderne K\u00fcche, 3-3,40m Raumh\u00f6hen und gro\u00dfes Hauptschlafzimmer mit Bad en-suite\" \/>\n<meta name=\"robots\" content=\"index, follow, max-snippet:-1, max-image-preview:large, max-video-preview:-1\" \/>\n<link rel=\"canonical\" href=\"https:\/\/yourberlinagent.com\/de\/maisonette-dachgeschoss-mit-fernsehturm-blick\" \/>\n<meta property=\"og:locale\" content=\"de_DE\" \/>\n<meta property=\"og:type\" content=\"article\" \/>\n<meta property=\"og:title\" content=\"Maisonette Dachgeschoss mit Fernsehturm Blick\" \/>\n<meta property=\"og:description\" content=\"Maisonette Dachgeschoss mit Fernsehturm Blick\" \/>\n<meta property=\"og:url\" content=\"https:\/\/yourberlinagent.com\/de\/maisonette-dachgeschoss-mit-fernsehturm-blick\" \/>\n<meta property=\"og:site_name\" content=\"Rabitz Property Consulting\" \/>\n<meta property=\"article:modified_time\" content=\"2024-01-18T11:50:53+00:00\" \/>\n<meta property=\"og:image\" content=\"https:\/\/yourberlinagent.com\/wp-content\/uploads\/slider94\/IMG_4900.jpeg\" \/>\n\t<meta property=\"og:image:width\" content=\"2480\" \/>\n\t<meta property=\"og:image:height\" content=\"1653\" \/>\n\t<meta property=\"og:image:type\" content=\"image\/jpeg\" \/>\n<meta name=\"twitter:card\" content=\"summary_large_image\" \/>\n<meta name=\"twitter:title\" content=\"Maisonette Dachgeschoss mit Fernsehturm Blick\" \/>\n<meta name=\"twitter:description\" content=\"Maisonette Dachgeschoss mit Fernsehturm Blick\" \/>\n<meta name=\"twitter:image\" content=\"https:\/\/yourberlinagent.com\/wp-content\/uploads\/slider94\/IMG_4900.jpeg\" \/>\n<script type=\"application\/ld+json\" class=\"yoast-schema-graph\">{\"@context\":\"https:\\\/\\\/schema.org\",\"@graph\":[{\"@type\":\"WebPage\",\"@id\":\"https:\\\/\\\/yourberlinagent.com\\\/de\\\/maisonette-dachgeschoss-mit-fernsehturm-blick\",\"url\":\"https:\\\/\\\/yourberlinagent.com\\\/de\\\/maisonette-dachgeschoss-mit-fernsehturm-blick\",\"name\":\"Maisonette Dachgeschoss mit Fernsehturm Blick\",\"isPartOf\":{\"@id\":\"https:\\\/\\\/yourberlinagent.com\\\/de#website\"},\"datePublished\":\"2023-10-20T14:46:46+00:00\",\"dateModified\":\"2024-01-18T11:50:53+00:00\",\"description\":\"Maisonette Dachgeschoss mit Fernsehturm Blick und Panoramablick auf die Stadt. Moderne K\u00fcche, 3-3,40m Raumh\u00f6hen und gro\u00dfes Hauptschlafzimmer mit Bad en-suite\",\"breadcrumb\":{\"@id\":\"https:\\\/\\\/yourberlinagent.com\\\/de\\\/maisonette-dachgeschoss-mit-fernsehturm-blick#breadcrumb\"},\"inLanguage\":\"de\",\"potentialAction\":[{\"@type\":\"ReadAction\",\"target\":[\"https:\\\/\\\/yourberlinagent.com\\\/de\\\/maisonette-dachgeschoss-mit-fernsehturm-blick\"]}]},{\"@type\":\"BreadcrumbList\",\"@id\":\"https:\\\/\\\/yourberlinagent.com\\\/de\\\/maisonette-dachgeschoss-mit-fernsehturm-blick#breadcrumb\",\"itemListElement\":[{\"@type\":\"ListItem\",\"position\":1,\"name\":\"Home\",\"item\":\"https:\\\/\\\/yourberlinagent.com\\\/de\\\/rabitz-property-consulting-berlin-luxury-real-estate-agent\"},{\"@type\":\"ListItem\",\"position\":2,\"name\":\"Maisonette Dachgeschoss mit Fernsehturm Blick\"}]},{\"@type\":\"WebSite\",\"@id\":\"https:\\\/\\\/yourberlinagent.com\\\/de#website\",\"url\":\"https:\\\/\\\/yourberlinagent.com\\\/de\",\"name\":\"Rabitz Property Consulting\",\"description\":\"Real Estate Agent\",\"potentialAction\":[{\"@type\":\"SearchAction\",\"target\":{\"@type\":\"EntryPoint\",\"urlTemplate\":\"https:\\\/\\\/yourberlinagent.com\\\/de?s={search_term_string}\"},\"query-input\":{\"@type\":\"PropertyValueSpecification\",\"valueRequired\":true,\"valueName\":\"search_term_string\"}}],\"inLanguage\":\"de\"}]}<\/script>\n<!-- \/ Yoast SEO plugin. -->","yoast_head_json":{"title":"Maisonette Dachgeschoss mit Fernsehturm Blick","description":"Maisonette Dachgeschoss mit Fernsehturm Blick und Panoramablick auf die Stadt. Moderne K\u00fcche, 3-3,40m Raumh\u00f6hen und gro\u00dfes Hauptschlafzimmer mit Bad en-suite","robots":{"index":"index","follow":"follow","max-snippet":"max-snippet:-1","max-image-preview":"max-image-preview:large","max-video-preview":"max-video-preview:-1"},"canonical":"https:\/\/yourberlinagent.com\/de\/maisonette-dachgeschoss-mit-fernsehturm-blick","og_locale":"de_DE","og_type":"article","og_title":"Maisonette Dachgeschoss mit Fernsehturm Blick","og_description":"Maisonette Dachgeschoss mit Fernsehturm Blick","og_url":"https:\/\/yourberlinagent.com\/de\/maisonette-dachgeschoss-mit-fernsehturm-blick","og_site_name":"Rabitz Property Consulting","article_modified_time":"2024-01-18T11:50:53+00:00","og_image":[{"width":2480,"height":1653,"url":"https:\/\/yourberlinagent.com\/wp-content\/uploads\/slider94\/IMG_4900.jpeg","type":"image\/jpeg"}],"twitter_card":"summary_large_image","twitter_title":"Maisonette Dachgeschoss mit Fernsehturm Blick","twitter_description":"Maisonette Dachgeschoss mit Fernsehturm Blick","twitter_image":"https:\/\/yourberlinagent.com\/wp-content\/uploads\/slider94\/IMG_4900.jpeg","schema":{"@context":"https:\/\/schema.org","@graph":[{"@type":"WebPage","@id":"https:\/\/yourberlinagent.com\/de\/maisonette-dachgeschoss-mit-fernsehturm-blick","url":"https:\/\/yourberlinagent.com\/de\/maisonette-dachgeschoss-mit-fernsehturm-blick","name":"Maisonette Dachgeschoss mit Fernsehturm Blick","isPartOf":{"@id":"https:\/\/yourberlinagent.com\/de#website"},"datePublished":"2023-10-20T14:46:46+00:00","dateModified":"2024-01-18T11:50:53+00:00","description":"Maisonette Dachgeschoss mit Fernsehturm Blick und Panoramablick auf die Stadt. Moderne K\u00fcche, 3-3,40m Raumh\u00f6hen und gro\u00dfes Hauptschlafzimmer mit Bad en-suite","breadcrumb":{"@id":"https:\/\/yourberlinagent.com\/de\/maisonette-dachgeschoss-mit-fernsehturm-blick#breadcrumb"},"inLanguage":"de","potentialAction":[{"@type":"ReadAction","target":["https:\/\/yourberlinagent.com\/de\/maisonette-dachgeschoss-mit-fernsehturm-blick"]}]},{"@type":"BreadcrumbList","@id":"https:\/\/yourberlinagent.com\/de\/maisonette-dachgeschoss-mit-fernsehturm-blick#breadcrumb","itemListElement":[{"@type":"ListItem","position":1,"name":"Home","item":"https:\/\/yourberlinagent.com\/de\/rabitz-property-consulting-berlin-luxury-real-estate-agent"},{"@type":"ListItem","position":2,"name":"Maisonette Dachgeschoss mit Fernsehturm Blick"}]},{"@type":"WebSite","@id":"https:\/\/yourberlinagent.com\/de#website","url":"https:\/\/yourberlinagent.com\/de","name":"Rabitz Property Consulting","description":"Real Estate Agent","potentialAction":[{"@type":"SearchAction","target":{"@type":"EntryPoint","urlTemplate":"https:\/\/yourberlinagent.com\/de?s={search_term_string}"},"query-input":{"@type":"PropertyValueSpecification","valueRequired":true,"valueName":"search_term_string"}}],"inLanguage":"de"}]}},"_links":{"self":[{"href":"https:\/\/yourberlinagent.com\/de\/wp-json\/wp\/v2\/pages\/4771","targetHints":{"allow":["GET"]}}],"collection":[{"href":"https:\/\/yourberlinagent.com\/de\/wp-json\/wp\/v2\/pages"}],"about":[{"href":"https:\/\/yourberlinagent.com\/de\/wp-json\/wp\/v2\/types\/page"}],"author":[{"embeddable":true,"href":"https:\/\/yourberlinagent.com\/de\/wp-json\/wp\/v2\/users\/2"}],"replies":[{"embeddable":true,"href":"https:\/\/yourberlinagent.com\/de\/wp-json\/wp\/v2\/comments?post=4771"}],"version-history":[{"count":1,"href":"https:\/\/yourberlinagent.com\/de\/wp-json\/wp\/v2\/pages\/4771\/revisions"}],"predecessor-version":[{"id":4772,"href":"https:\/\/yourberlinagent.com\/de\/wp-json\/wp\/v2\/pages\/4771\/revisions\/4772"}],"wp:attachment":[{"href":"https:\/\/yourberlinagent.com\/de\/wp-json\/wp\/v2\/media?parent=4771"}],"curies":[{"name":"wp","href":"https:\/\/api.w.org\/{rel}","templated":true}]}}