{"id":1033,"date":"2021-05-31T19:25:39","date_gmt":"2021-05-31T19:25:39","guid":{"rendered":"http:\/\/staging.rabitzpropertyconsulting.de\/about"},"modified":"2024-12-03T14:40:04","modified_gmt":"2024-12-03T14:40:04","slug":"ueber-mich-peter-rabitz-your-berlin-agent","status":"publish","type":"page","link":"https:\/\/yourberlinagent.com\/de\/ueber-mich-peter-rabitz-your-berlin-agent","title":{"rendered":"\u00dcber mich"},"content":{"rendered":"","protected":false},"excerpt":{"rendered":"","protected":false},"author":1,"featured_media":0,"parent":0,"menu_order":0,"comment_status":"closed","ping_status":"closed","template":"","meta":{"footnotes":""},"class_list":["post-1033","page","type-page","status-publish","hentry"],"acf":[],"yoast_head":"<!-- This site is optimized with the Yoast SEO plugin v27.4 - https:\/\/yoast.com\/product\/yoast-seo-wordpress\/ -->\n<title>\u00dcber mich Peter Rabitz Your Berlin Agent<\/title>\n<meta name=\"description\" content=\"Peter Rabitz - Your Berlin Agent. Eigent\u00fcmer gef\u00fchrte Boutique Immobilienagentur mit Schwerpunkt hochwertiger Luxusimmobilien in Berlin\" \/>\n<meta name=\"robots\" content=\"index, follow, max-snippet:-1, max-image-preview:large, max-video-preview:-1\" \/>\n<link rel=\"canonical\" href=\"https:\/\/yourberlinagent.com\/de\/ueber-mich-peter-rabitz-your-berlin-agent\" \/>\n<meta property=\"og:locale\" content=\"de_DE\" \/>\n<meta property=\"og:type\" content=\"article\" \/>\n<meta property=\"og:title\" content=\"\u00dcber mich Peter Rabitz Your Berlin Agent\" \/>\n<meta property=\"og:description\" content=\"Peter Rabitz - Your Berlin Agent. Eigent\u00fcmer gef\u00fchrte Boutique Immobilienagentur mit Schwerpunkt hochwertiger Luxusimmobilien in Berlin\" \/>\n<meta property=\"og:url\" content=\"https:\/\/yourberlinagent.com\/de\/ueber-mich-peter-rabitz-your-berlin-agent\" \/>\n<meta property=\"og:site_name\" content=\"Rabitz Property Consulting\" \/>\n<meta property=\"article:modified_time\" content=\"2024-12-03T14:40:04+00:00\" \/>\n<meta name=\"twitter:card\" content=\"summary_large_image\" \/>\n<script type=\"application\/ld+json\" class=\"yoast-schema-graph\">{\"@context\":\"https:\\\/\\\/schema.org\",\"@graph\":[{\"@type\":\"WebPage\",\"@id\":\"https:\\\/\\\/yourberlinagent.com\\\/de\\\/ueber-mich-peter-rabitz-your-berlin-agent\",\"url\":\"https:\\\/\\\/yourberlinagent.com\\\/de\\\/ueber-mich-peter-rabitz-your-berlin-agent\",\"name\":\"\u00dcber mich Peter Rabitz Your Berlin Agent\",\"isPartOf\":{\"@id\":\"https:\\\/\\\/yourberlinagent.com\\\/de#website\"},\"datePublished\":\"2021-05-31T19:25:39+00:00\",\"dateModified\":\"2024-12-03T14:40:04+00:00\",\"description\":\"Peter Rabitz - Your Berlin Agent. Eigent\u00fcmer gef\u00fchrte Boutique Immobilienagentur mit Schwerpunkt hochwertiger Luxusimmobilien in Berlin\",\"breadcrumb\":{\"@id\":\"https:\\\/\\\/yourberlinagent.com\\\/de\\\/ueber-mich-peter-rabitz-your-berlin-agent#breadcrumb\"},\"inLanguage\":\"de\",\"potentialAction\":[{\"@type\":\"ReadAction\",\"target\":[\"https:\\\/\\\/yourberlinagent.com\\\/de\\\/ueber-mich-peter-rabitz-your-berlin-agent\"]}]},{\"@type\":\"BreadcrumbList\",\"@id\":\"https:\\\/\\\/yourberlinagent.com\\\/de\\\/ueber-mich-peter-rabitz-your-berlin-agent#breadcrumb\",\"itemListElement\":[{\"@type\":\"ListItem\",\"position\":1,\"name\":\"Home\",\"item\":\"https:\\\/\\\/yourberlinagent.com\\\/de\\\/rabitz-property-consulting-berlin-luxury-real-estate-agent\"},{\"@type\":\"ListItem\",\"position\":2,\"name\":\"\u00dcber mich\"}]},{\"@type\":\"WebSite\",\"@id\":\"https:\\\/\\\/yourberlinagent.com\\\/de#website\",\"url\":\"https:\\\/\\\/yourberlinagent.com\\\/de\",\"name\":\"Rabitz Property Consulting\",\"description\":\"Real Estate Agent\",\"potentialAction\":[{\"@type\":\"SearchAction\",\"target\":{\"@type\":\"EntryPoint\",\"urlTemplate\":\"https:\\\/\\\/yourberlinagent.com\\\/de?s={search_term_string}\"},\"query-input\":{\"@type\":\"PropertyValueSpecification\",\"valueRequired\":true,\"valueName\":\"search_term_string\"}}],\"inLanguage\":\"de\"}]}<\/script>\n<!-- \/ Yoast SEO plugin. -->","yoast_head_json":{"title":"\u00dcber mich Peter Rabitz Your Berlin Agent","description":"Peter Rabitz - Your Berlin Agent. Eigent\u00fcmer gef\u00fchrte Boutique Immobilienagentur mit Schwerpunkt hochwertiger Luxusimmobilien in Berlin","robots":{"index":"index","follow":"follow","max-snippet":"max-snippet:-1","max-image-preview":"max-image-preview:large","max-video-preview":"max-video-preview:-1"},"canonical":"https:\/\/yourberlinagent.com\/de\/ueber-mich-peter-rabitz-your-berlin-agent","og_locale":"de_DE","og_type":"article","og_title":"\u00dcber mich Peter Rabitz Your Berlin Agent","og_description":"Peter Rabitz - Your Berlin Agent. Eigent\u00fcmer gef\u00fchrte Boutique Immobilienagentur mit Schwerpunkt hochwertiger Luxusimmobilien in Berlin","og_url":"https:\/\/yourberlinagent.com\/de\/ueber-mich-peter-rabitz-your-berlin-agent","og_site_name":"Rabitz Property Consulting","article_modified_time":"2024-12-03T14:40:04+00:00","twitter_card":"summary_large_image","schema":{"@context":"https:\/\/schema.org","@graph":[{"@type":"WebPage","@id":"https:\/\/yourberlinagent.com\/de\/ueber-mich-peter-rabitz-your-berlin-agent","url":"https:\/\/yourberlinagent.com\/de\/ueber-mich-peter-rabitz-your-berlin-agent","name":"\u00dcber mich Peter Rabitz Your Berlin Agent","isPartOf":{"@id":"https:\/\/yourberlinagent.com\/de#website"},"datePublished":"2021-05-31T19:25:39+00:00","dateModified":"2024-12-03T14:40:04+00:00","description":"Peter Rabitz - Your Berlin Agent. Eigent\u00fcmer gef\u00fchrte Boutique Immobilienagentur mit Schwerpunkt hochwertiger Luxusimmobilien in Berlin","breadcrumb":{"@id":"https:\/\/yourberlinagent.com\/de\/ueber-mich-peter-rabitz-your-berlin-agent#breadcrumb"},"inLanguage":"de","potentialAction":[{"@type":"ReadAction","target":["https:\/\/yourberlinagent.com\/de\/ueber-mich-peter-rabitz-your-berlin-agent"]}]},{"@type":"BreadcrumbList","@id":"https:\/\/yourberlinagent.com\/de\/ueber-mich-peter-rabitz-your-berlin-agent#breadcrumb","itemListElement":[{"@type":"ListItem","position":1,"name":"Home","item":"https:\/\/yourberlinagent.com\/de\/rabitz-property-consulting-berlin-luxury-real-estate-agent"},{"@type":"ListItem","position":2,"name":"\u00dcber mich"}]},{"@type":"WebSite","@id":"https:\/\/yourberlinagent.com\/de#website","url":"https:\/\/yourberlinagent.com\/de","name":"Rabitz Property Consulting","description":"Real Estate Agent","potentialAction":[{"@type":"SearchAction","target":{"@type":"EntryPoint","urlTemplate":"https:\/\/yourberlinagent.com\/de?s={search_term_string}"},"query-input":{"@type":"PropertyValueSpecification","valueRequired":true,"valueName":"search_term_string"}}],"inLanguage":"de"}]}},"_links":{"self":[{"href":"https:\/\/yourberlinagent.com\/de\/wp-json\/wp\/v2\/pages\/1033","targetHints":{"allow":["GET"]}}],"collection":[{"href":"https:\/\/yourberlinagent.com\/de\/wp-json\/wp\/v2\/pages"}],"about":[{"href":"https:\/\/yourberlinagent.com\/de\/wp-json\/wp\/v2\/types\/page"}],"author":[{"embeddable":true,"href":"https:\/\/yourberlinagent.com\/de\/wp-json\/wp\/v2\/users\/1"}],"replies":[{"embeddable":true,"href":"https:\/\/yourberlinagent.com\/de\/wp-json\/wp\/v2\/comments?post=1033"}],"version-history":[{"count":1,"href":"https:\/\/yourberlinagent.com\/de\/wp-json\/wp\/v2\/pages\/1033\/revisions"}],"predecessor-version":[{"id":2202,"href":"https:\/\/yourberlinagent.com\/de\/wp-json\/wp\/v2\/pages\/1033\/revisions\/2202"}],"wp:attachment":[{"href":"https:\/\/yourberlinagent.com\/de\/wp-json\/wp\/v2\/media?parent=1033"}],"curies":[{"name":"wp","href":"https:\/\/api.w.org\/{rel}","templated":true}]}}